{"id":23694,"date":"2026-02-16T06:23:41","date_gmt":"2026-02-16T05:23:41","guid":{"rendered":"https:\/\/schubladenerinnerungen.de\/blog\/?page_id=23694"},"modified":"2026-02-19T05:56:01","modified_gmt":"2026-02-19T04:56:01","slug":"discogs-discography","status":"publish","type":"page","link":"https:\/\/schubladenerinnerungen.de\/blog\/werkzeuge-hilfsmittel\/discogs-discography\/","title":{"rendered":"My Discogs Discography \u2013 Das WordPress-Plugin f\u00fcr Musiker"},"content":{"rendered":"\n<p class=\"wp-block-paragraph\">Du bist Musiker und m\u00f6chtest deine Diskographie professionell auf deiner WordPress-Website pr\u00e4sentieren? <strong>My Discogs Discography<\/strong> verbindet deine <a href=\"https:\/\/www.discogs.com\/de\/\" target=\"_blank\" data-type=\"link\" data-id=\"https:\/\/www.discogs.com\/de\/\" rel=\"noreferrer noopener\"><strong>Discogs<\/strong><\/a>-Sammlung automatisch mit deinem Blog \u2013 und gibt dir volle Kontrolle \u00fcber die Darstellung.<\/p>\n\n\n\n<div style=\"height:50px\" aria-hidden=\"true\" class=\"wp-block-spacer\"><\/div>\n\n\n\n<h2 class=\"wp-block-heading\">Was kann das Plugin?<\/h2>\n\n\n\n<div style=\"height:25px\" aria-hidden=\"true\" class=\"wp-block-spacer\"><\/div>\n\n\n\n<p class=\"wp-block-paragraph\"><strong>Automatischer Discogs-Import<\/strong><br \/>Gib einfach deine Discogs Artist-ID ein, und das Plugin l\u00e4dt alle deine Releases automatisch \u2013 inklusive Cover, Jahr und Rolle (Main, Appearance, etc.).<\/p>\n\n\n\n<div style=\"height:15px\" aria-hidden=\"true\" class=\"wp-block-spacer\"><\/div>\n\n\n\n<figure class=\"wp-block-image size-full\"><a href=\"https:\/\/schubladenerinnerungen.de\/blog\/wp-content\/uploads\/2026\/02\/Discogs-Discography-Uebersicht.png\"><img loading=\"lazy\" decoding=\"async\" width=\"1202\" height=\"1103\" src=\"https:\/\/schubladenerinnerungen.de\/blog\/wp-content\/uploads\/2026\/02\/Discogs-Discography-Uebersicht.png\" alt=\"\" class=\"wp-image-23695\" srcset=\"https:\/\/schubladenerinnerungen.de\/blog\/wp-content\/uploads\/2026\/02\/Discogs-Discography-Uebersicht.png 1202w, https:\/\/schubladenerinnerungen.de\/blog\/wp-content\/uploads\/2026\/02\/Discogs-Discography-Uebersicht-300x275.png 300w, https:\/\/schubladenerinnerungen.de\/blog\/wp-content\/uploads\/2026\/02\/Discogs-Discography-Uebersicht-768x705.png 768w, https:\/\/schubladenerinnerungen.de\/blog\/wp-content\/uploads\/2026\/02\/Discogs-Discography-Uebersicht-400x367.png 400w\" sizes=\"auto, (max-width: 1202px) 100vw, 1202px\" \/><\/a><\/figure>\n\n\n\n<div style=\"height:50px\" aria-hidden=\"true\" class=\"wp-block-spacer\"><\/div>\n\n\n\n<p class=\"wp-block-paragraph\"><strong>Manuelle Eintr\u00e4ge<\/strong><br \/>Nicht alles ist auf Discogs? Kein Problem. F\u00fcge Releases manuell hinzu oder importiere einzelne Discogs-Releases per ID. Perfekt f\u00fcr Gastauftritte, Compilations oder unver\u00f6ffentlichte Projekte.<\/p>\n\n\n\n<div style=\"height:15px\" aria-hidden=\"true\" class=\"wp-block-spacer\"><\/div>\n\n\n\n<figure class=\"wp-block-image size-full\"><a href=\"https:\/\/schubladenerinnerungen.de\/blog\/wp-content\/uploads\/2026\/02\/Discogs-Discography-Manuelles-Album.png\"><img loading=\"lazy\" decoding=\"async\" width=\"1353\" height=\"1117\" src=\"https:\/\/schubladenerinnerungen.de\/blog\/wp-content\/uploads\/2026\/02\/Discogs-Discography-Manuelles-Album.png\" alt=\"\" class=\"wp-image-23704\" srcset=\"https:\/\/schubladenerinnerungen.de\/blog\/wp-content\/uploads\/2026\/02\/Discogs-Discography-Manuelles-Album.png 1353w, https:\/\/schubladenerinnerungen.de\/blog\/wp-content\/uploads\/2026\/02\/Discogs-Discography-Manuelles-Album-300x248.png 300w, https:\/\/schubladenerinnerungen.de\/blog\/wp-content\/uploads\/2026\/02\/Discogs-Discography-Manuelles-Album-768x634.png 768w, https:\/\/schubladenerinnerungen.de\/blog\/wp-content\/uploads\/2026\/02\/Discogs-Discography-Manuelles-Album-1250x1032.png 1250w, https:\/\/schubladenerinnerungen.de\/blog\/wp-content\/uploads\/2026\/02\/Discogs-Discography-Manuelles-Album-400x330.png 400w\" sizes=\"auto, (max-width: 1353px) 100vw, 1353px\" \/><\/a><\/figure>\n\n\n\n<div style=\"height:15px\" aria-hidden=\"true\" class=\"wp-block-spacer\"><\/div>\n\n\n\n<figure class=\"wp-block-image size-full\"><a href=\"https:\/\/schubladenerinnerungen.de\/blog\/wp-content\/uploads\/2026\/02\/Discogs-Discography-Discogs-Import.png\"><img loading=\"lazy\" decoding=\"async\" width=\"1341\" height=\"1116\" src=\"https:\/\/schubladenerinnerungen.de\/blog\/wp-content\/uploads\/2026\/02\/Discogs-Discography-Discogs-Import.png\" alt=\"\" class=\"wp-image-23717\" srcset=\"https:\/\/schubladenerinnerungen.de\/blog\/wp-content\/uploads\/2026\/02\/Discogs-Discography-Discogs-Import.png 1341w, https:\/\/schubladenerinnerungen.de\/blog\/wp-content\/uploads\/2026\/02\/Discogs-Discography-Discogs-Import-300x250.png 300w, https:\/\/schubladenerinnerungen.de\/blog\/wp-content\/uploads\/2026\/02\/Discogs-Discography-Discogs-Import-768x639.png 768w, https:\/\/schubladenerinnerungen.de\/blog\/wp-content\/uploads\/2026\/02\/Discogs-Discography-Discogs-Import-1250x1040.png 1250w, https:\/\/schubladenerinnerungen.de\/blog\/wp-content\/uploads\/2026\/02\/Discogs-Discography-Discogs-Import-400x333.png 400w\" sizes=\"auto, (max-width: 1341px) 100vw, 1341px\" \/><\/a><\/figure>\n\n\n\n<div style=\"height:50px\" aria-hidden=\"true\" class=\"wp-block-spacer\"><\/div>\n\n\n\n<p class=\"wp-block-paragraph\"><strong>Elegante Darstellung<\/strong><br \/>Deine Diskographie erscheint als responsive Kachel-Grid. Ein Klick auf ein Album \u00f6ffnet ein Modal mit allen Details: Cover, Tracklist, Label, Format und direkter Link zu Discogs.<\/p>\n\n\n\n<div style=\"height:15px\" aria-hidden=\"true\" class=\"wp-block-spacer\"><\/div>\n\n\n\n<figure class=\"wp-block-image size-full\"><a href=\"https:\/\/schubladenerinnerungen.de\/blog\/wp-content\/uploads\/2026\/02\/Discogs-Discography-Album-Detail.png\"><img loading=\"lazy\" decoding=\"async\" width=\"1185\" height=\"1085\" src=\"https:\/\/schubladenerinnerungen.de\/blog\/wp-content\/uploads\/2026\/02\/Discogs-Discography-Album-Detail.png\" alt=\"\" class=\"wp-image-23699\" srcset=\"https:\/\/schubladenerinnerungen.de\/blog\/wp-content\/uploads\/2026\/02\/Discogs-Discography-Album-Detail.png 1185w, https:\/\/schubladenerinnerungen.de\/blog\/wp-content\/uploads\/2026\/02\/Discogs-Discography-Album-Detail-300x275.png 300w, https:\/\/schubladenerinnerungen.de\/blog\/wp-content\/uploads\/2026\/02\/Discogs-Discography-Album-Detail-768x703.png 768w, https:\/\/schubladenerinnerungen.de\/blog\/wp-content\/uploads\/2026\/02\/Discogs-Discography-Album-Detail-400x366.png 400w\" sizes=\"auto, (max-width: 1185px) 100vw, 1185px\" \/><\/a><\/figure>\n\n\n\n<div style=\"height:50px\" aria-hidden=\"true\" class=\"wp-block-spacer\"><\/div>\n\n\n\n<p class=\"wp-block-paragraph\"><strong>Flexible Filter<\/strong><br \/>Besucher k\u00f6nnen nach Rollen filtern (z.B. nur Soloprojekte oder nur Gastauftritte). Du bestimmst per Shortcode, was angezeigt wird.<\/p>\n\n\n\n<div style=\"height:15px\" aria-hidden=\"true\" class=\"wp-block-spacer\"><\/div>\n\n\n\n<figure class=\"wp-block-image size-full\"><a href=\"https:\/\/schubladenerinnerungen.de\/blog\/wp-content\/uploads\/2026\/02\/Discogs-Discography-Filter.png\"><img loading=\"lazy\" decoding=\"async\" width=\"1176\" height=\"388\" src=\"https:\/\/schubladenerinnerungen.de\/blog\/wp-content\/uploads\/2026\/02\/Discogs-Discography-Filter.png\" alt=\"\" class=\"wp-image-23714\" srcset=\"https:\/\/schubladenerinnerungen.de\/blog\/wp-content\/uploads\/2026\/02\/Discogs-Discography-Filter.png 1176w, https:\/\/schubladenerinnerungen.de\/blog\/wp-content\/uploads\/2026\/02\/Discogs-Discography-Filter-300x99.png 300w, https:\/\/schubladenerinnerungen.de\/blog\/wp-content\/uploads\/2026\/02\/Discogs-Discography-Filter-768x253.png 768w, https:\/\/schubladenerinnerungen.de\/blog\/wp-content\/uploads\/2026\/02\/Discogs-Discography-Filter-400x132.png 400w\" sizes=\"auto, (max-width: 1176px) 100vw, 1176px\" \/><\/a><\/figure>\n\n\n\n<div style=\"height:50px\" aria-hidden=\"true\" class=\"wp-block-spacer\"><\/div>\n\n\n\n<p class=\"wp-block-paragraph\"><strong>Anpassbares Design<\/strong><br \/>Alle Farben \u2013 von Kacheln bis Modal \u2013 lassen sich im Admin-Bereich anpassen. So f\u00fcgt sich die Diskographie nahtlos in dein Theme ein.<\/p>\n\n\n\n<p class=\"wp-block-paragraph\">Ihr m\u00fcsst euch in eurem Discogs-Konto einen <a href=\"https:\/\/www.discogs.com\/de\/settings\/developers\" data-type=\"link\" data-id=\"https:\/\/www.discogs.com\/de\/settings\/developers\" target=\"_blank\" rel=\"noreferrer noopener\">API-Token generieren<\/a>. Diesen kopiert ihr in das entsprechende Feld. Dann noch die ID der Band oder des Komponisten in das andere Feld und fertig.<\/p>\n\n\n\n<p class=\"wp-block-paragraph\">Nachdem ihr das gespeichert habt, erfolgt auch schon der automatische Import von Discogs und die Discography wird auf der entsprechenden Seite per <a href=\"#mydc-diso-shortcodes\" data-type=\"internal\" data-id=\"#mydc-diso-shortcodes\">Shortcode<\/a> dargestellt.<\/p>\n\n\n\n<div style=\"height:15px\" aria-hidden=\"true\" class=\"wp-block-spacer\"><\/div>\n\n\n\n<figure class=\"wp-block-image size-full\"><a href=\"https:\/\/schubladenerinnerungen.de\/blog\/wp-content\/uploads\/2026\/02\/Discogs-Discography-Aussehen-1.png\"><img loading=\"lazy\" decoding=\"async\" width=\"1339\" height=\"1116\" src=\"https:\/\/schubladenerinnerungen.de\/blog\/wp-content\/uploads\/2026\/02\/Discogs-Discography-Aussehen-1.png\" alt=\"\" class=\"wp-image-23711\" srcset=\"https:\/\/schubladenerinnerungen.de\/blog\/wp-content\/uploads\/2026\/02\/Discogs-Discography-Aussehen-1.png 1339w, https:\/\/schubladenerinnerungen.de\/blog\/wp-content\/uploads\/2026\/02\/Discogs-Discography-Aussehen-1-300x250.png 300w, https:\/\/schubladenerinnerungen.de\/blog\/wp-content\/uploads\/2026\/02\/Discogs-Discography-Aussehen-1-768x640.png 768w, https:\/\/schubladenerinnerungen.de\/blog\/wp-content\/uploads\/2026\/02\/Discogs-Discography-Aussehen-1-1250x1042.png 1250w, https:\/\/schubladenerinnerungen.de\/blog\/wp-content\/uploads\/2026\/02\/Discogs-Discography-Aussehen-1-400x333.png 400w\" sizes=\"auto, (max-width: 1339px) 100vw, 1339px\" \/><\/a><\/figure>\n\n\n\n<div style=\"height:15px\" aria-hidden=\"true\" class=\"wp-block-spacer\"><\/div>\n\n\n\n<figure class=\"wp-block-image size-full\"><a href=\"https:\/\/schubladenerinnerungen.de\/blog\/wp-content\/uploads\/2026\/02\/Discogs-Discography-Aussehen-2.png\"><img loading=\"lazy\" decoding=\"async\" width=\"1342\" height=\"809\" src=\"https:\/\/schubladenerinnerungen.de\/blog\/wp-content\/uploads\/2026\/02\/Discogs-Discography-Aussehen-2.png\" alt=\"\" class=\"wp-image-23708\" srcset=\"https:\/\/schubladenerinnerungen.de\/blog\/wp-content\/uploads\/2026\/02\/Discogs-Discography-Aussehen-2.png 1342w, https:\/\/schubladenerinnerungen.de\/blog\/wp-content\/uploads\/2026\/02\/Discogs-Discography-Aussehen-2-300x181.png 300w, https:\/\/schubladenerinnerungen.de\/blog\/wp-content\/uploads\/2026\/02\/Discogs-Discography-Aussehen-2-768x463.png 768w, https:\/\/schubladenerinnerungen.de\/blog\/wp-content\/uploads\/2026\/02\/Discogs-Discography-Aussehen-2-1250x754.png 1250w, https:\/\/schubladenerinnerungen.de\/blog\/wp-content\/uploads\/2026\/02\/Discogs-Discography-Aussehen-2-400x241.png 400w\" sizes=\"auto, (max-width: 1342px) 100vw, 1342px\" \/><\/a><\/figure>\n\n\n\n<div style=\"height:50px\" aria-hidden=\"true\" class=\"wp-block-spacer\"><\/div>\n\n\n\n<p class=\"wp-block-paragraph\"><strong>Kategorien<\/strong><br \/>Du kannst eigene Kategorien anlegen, die du in den Album-Details wiederverwenden kannst.<\/p>\n\n\n\n<div style=\"height:15px\" aria-hidden=\"true\" class=\"wp-block-spacer\"><\/div>\n\n\n\n<figure class=\"wp-block-image size-full\"><a href=\"https:\/\/schubladenerinnerungen.de\/blog\/wp-content\/uploads\/2026\/02\/Discogs-Discography-Kategorien.png\"><img loading=\"lazy\" decoding=\"async\" width=\"1355\" height=\"696\" src=\"https:\/\/schubladenerinnerungen.de\/blog\/wp-content\/uploads\/2026\/02\/Discogs-Discography-Kategorien.png\" alt=\"\" class=\"wp-image-23723\" srcset=\"https:\/\/schubladenerinnerungen.de\/blog\/wp-content\/uploads\/2026\/02\/Discogs-Discography-Kategorien.png 1355w, https:\/\/schubladenerinnerungen.de\/blog\/wp-content\/uploads\/2026\/02\/Discogs-Discography-Kategorien-300x154.png 300w, https:\/\/schubladenerinnerungen.de\/blog\/wp-content\/uploads\/2026\/02\/Discogs-Discography-Kategorien-768x394.png 768w, https:\/\/schubladenerinnerungen.de\/blog\/wp-content\/uploads\/2026\/02\/Discogs-Discography-Kategorien-1250x642.png 1250w, https:\/\/schubladenerinnerungen.de\/blog\/wp-content\/uploads\/2026\/02\/Discogs-Discography-Kategorien-400x205.png 400w\" sizes=\"auto, (max-width: 1355px) 100vw, 1355px\" \/><\/a><\/figure>\n\n\n\n<div style=\"height:50px\" aria-hidden=\"true\" class=\"wp-block-spacer\"><\/div>\n\n\n\n<p class=\"wp-block-paragraph\"><strong>Discography \u00dcbersicht<\/strong><br \/>Alle manuell angelegten Alben werden dir sch\u00f6n sortiert aufgelistet, und du kannst alle nachtr\u00e4glich bearbeiten.<\/p>\n\n\n\n<div style=\"height:15px\" aria-hidden=\"true\" class=\"wp-block-spacer\"><\/div>\n\n\n\n<figure class=\"wp-block-image size-full\"><a href=\"https:\/\/schubladenerinnerungen.de\/blog\/wp-content\/uploads\/2026\/02\/Discogs-Discography-Manuelle-Alben-Uebersicht.png\"><img loading=\"lazy\" decoding=\"async\" width=\"1355\" height=\"487\" src=\"https:\/\/schubladenerinnerungen.de\/blog\/wp-content\/uploads\/2026\/02\/Discogs-Discography-Manuelle-Alben-Uebersicht.png\" alt=\"\" class=\"wp-image-23725\" srcset=\"https:\/\/schubladenerinnerungen.de\/blog\/wp-content\/uploads\/2026\/02\/Discogs-Discography-Manuelle-Alben-Uebersicht.png 1355w, https:\/\/schubladenerinnerungen.de\/blog\/wp-content\/uploads\/2026\/02\/Discogs-Discography-Manuelle-Alben-Uebersicht-300x108.png 300w, https:\/\/schubladenerinnerungen.de\/blog\/wp-content\/uploads\/2026\/02\/Discogs-Discography-Manuelle-Alben-Uebersicht-768x276.png 768w, https:\/\/schubladenerinnerungen.de\/blog\/wp-content\/uploads\/2026\/02\/Discogs-Discography-Manuelle-Alben-Uebersicht-1250x449.png 1250w, https:\/\/schubladenerinnerungen.de\/blog\/wp-content\/uploads\/2026\/02\/Discogs-Discography-Manuelle-Alben-Uebersicht-400x144.png 400w\" sizes=\"auto, (max-width: 1355px) 100vw, 1355px\" \/><\/a><\/figure>\n\n\n\n<div style=\"height:50px\" aria-hidden=\"true\" class=\"wp-block-spacer\"><\/div>\n\n\n\n<h3 id=\"mydc-diso-shortcodes\" class=\"wp-block-heading\">Shortcode-Beispiele<\/h3>\n\n\n\n<figure class=\"wp-block-table is-style-stripes\"><table  class=\"has-fixed-layout table table-hover\" ><thead><tr><th><\/th><th><\/th><\/tr><\/thead><tbody><tr><td><code>[mydc_discography]<\/code><\/td><td>Alle Releases<\/td><\/tr><tr><td><code>[mydc_discography source=\"auto\"]<\/code><\/td><td>Nur Discogs-Releases<\/td><\/tr><tr><td><code>[mydc_discography source=\"manual\"]<\/code><\/td><td>Nur manuelle Eintr\u00e4ge<\/td><\/tr><tr><td><code>[mydc_discography role=\"Appearance\"]<\/code><\/td><td>Nur Gastauftritte<\/td><\/tr><tr><td><code>[mydc_discography filter=\"true\"]<\/code><\/td><td>Mit Dropdown-Filter<\/td><\/tr><\/tbody><\/table><\/figure>\n\n\n\n<div style=\"height:50px\" aria-hidden=\"true\" class=\"wp-block-spacer\"><\/div>\n\n\n\n<h3 class=\"wp-block-heading\">F\u00fcr wen ist das Plugin?<\/h3>\n\n\n\n<ul class=\"wp-block-list\">\n<li><strong>Musiker &amp; Bands<\/strong> mit umfangreicher Diskographie<\/li>\n\n\n\n<li><strong>Session-Musiker<\/strong> mit vielen Gastauftritten<\/li>\n\n\n\n<li><strong>Labels<\/strong> zur Pr\u00e4sentation ihres Katalogs<\/li>\n\n\n\n<li><strong>Sammler<\/strong> die ihre Vinyl-Kollektion zeigen m\u00f6chten<\/li>\n<\/ul>\n\n\n\n<div style=\"height:50px\" aria-hidden=\"true\" class=\"wp-block-spacer\"><\/div>\n\n\n\n<h3 class=\"wp-block-heading\">Fazit<\/h3>\n\n\n\n<p class=\"wp-block-paragraph\">My Discogs Discography spart Zeit, sieht gut aus und h\u00e4lt deine Diskographie automatisch aktuell. Die Kombination aus Discogs-API und manuellen Eintr\u00e4gen macht es zum flexibelsten Diskographie-Plugin f\u00fcr WordPress.<\/p>\n\n\n\n<p class=\"wp-block-paragraph\"><strong>Interesse?<\/strong> Das Plugin ist kostenlos verf\u00fcgbar \u2013 einfach installieren und loslegen!<\/p>\n\n\n\n<p class=\"wp-block-paragraph\"><a href=\"https:\/\/www.schubladenerinnerungen.de\/blog\/werkzeuge\/mydc-discography\/my-discogs-discography.zip\" data-type=\"link\" data-id=\"ftp:\/\/w00ed82e.kasserver.com\/\/schublade\/blog\/werkzeuge\/mydc-discography\/my-discogs-discography.zip\" target=\"_blank\" rel=\"noreferrer noopener\">Hier<\/a> gibt es die Version 2.3 vom 15. Februar 2025. Und <a href=\"https:\/\/dadanaut.de\/discogs-discography\/\" target=\"_blank\" data-type=\"link\" data-id=\"https:\/\/dadanaut.de\/discogs-discography\/\" rel=\"noreferrer noopener\">hier<\/a> eine Demo zum Anschauen.<\/p>\n\n\n\n<div style=\"height:75px\" aria-hidden=\"true\" class=\"wp-block-spacer\"><\/div>\n","protected":false},"excerpt":{"rendered":"<p>Du bist Musiker und m\u00f6chtest deine Diskographie professionell auf deiner WordPress-Website pr\u00e4sentieren? My Discogs Discography verbindet deine Discogs-Sammlung automatisch mit deinem Blog \u2013 und gibt dir volle Kontrolle \u00fcber die Darstellung. Was kann das Plugin? Automatischer Discogs-ImportGib einfach deine Discogs Artist-ID ein, und das Plugin l\u00e4dt alle deine Releases automatisch \u2013 inklusive Cover, Jahr und [&hellip;]<\/p>\n","protected":false},"author":1,"featured_media":23728,"parent":22380,"menu_order":2,"comment_status":"closed","ping_status":"closed","template":"","meta":{"_crdt_document":"","ngg_post_thumbnail":0,"pgc_sgb_lightbox_settings":"","activitypub_content_warning":"","activitypub_content_visibility":"","activitypub_max_image_attachments":3,"activitypub_interaction_policy_quote":"anyone","activitypub_status":"federated","footnotes":""},"class_list":["post-23694","page","type-page","status-publish","has-post-thumbnail","hentry"],"featured_image_src":"https:\/\/schubladenerinnerungen.de\/blog\/wp-content\/uploads\/2026\/02\/Discogs-Alben-e1771476905918.png","_links":{"self":[{"href":"https:\/\/schubladenerinnerungen.de\/blog\/wp-json\/wp\/v2\/pages\/23694","targetHints":{"allow":["GET"]}}],"collection":[{"href":"https:\/\/schubladenerinnerungen.de\/blog\/wp-json\/wp\/v2\/pages"}],"about":[{"href":"https:\/\/schubladenerinnerungen.de\/blog\/wp-json\/wp\/v2\/types\/page"}],"author":[{"embeddable":true,"href":"https:\/\/schubladenerinnerungen.de\/blog\/wp-json\/wp\/v2\/users\/1"}],"replies":[{"embeddable":true,"href":"https:\/\/schubladenerinnerungen.de\/blog\/wp-json\/wp\/v2\/comments?post=23694"}],"version-history":[{"count":13,"href":"https:\/\/schubladenerinnerungen.de\/blog\/wp-json\/wp\/v2\/pages\/23694\/revisions"}],"predecessor-version":[{"id":23761,"href":"https:\/\/schubladenerinnerungen.de\/blog\/wp-json\/wp\/v2\/pages\/23694\/revisions\/23761"}],"up":[{"embeddable":true,"href":"https:\/\/schubladenerinnerungen.de\/blog\/wp-json\/wp\/v2\/pages\/22380"}],"wp:featuredmedia":[{"embeddable":true,"href":"https:\/\/schubladenerinnerungen.de\/blog\/wp-json\/wp\/v2\/media\/23728"}],"wp:attachment":[{"href":"https:\/\/schubladenerinnerungen.de\/blog\/wp-json\/wp\/v2\/media?parent=23694"}],"curies":[{"name":"wp","href":"https:\/\/api.w.org\/{rel}","templated":true}]}}